{"id":33,"date":"2023-08-09T12:13:21","date_gmt":"2023-08-09T12:13:21","guid":{"rendered":"http:\/\/finaxio.local\/?page_id=33"},"modified":"2026-01-09T09:30:08","modified_gmt":"2026-01-09T08:30:08","slug":"contact","status":"publish","type":"page","link":"https:\/\/ropartnersrdc.com\/?page_id=33","title":{"rendered":"Contact"},"content":{"rendered":"\t\t<div data-elementor-type=\"wp-page\" data-elementor-id=\"33\" class=\"elementor elementor-33\">\n\t\t\t\t\t\t<section class=\"elementor-section elementor-top-section elementor-element elementor-element-b8a7be3 elementor-section-boxed elementor-section-height-default elementor-section-height-default\" data-id=\"b8a7be3\" data-element_type=\"section\">\n\t\t\t\t\t\t<div class=\"elementor-container elementor-column-gap-default\">\n\t\t\t\t\t<div class=\"elementor-column elementor-col-100 elementor-top-column elementor-element elementor-element-4db060c\" data-id=\"4db060c\" data-element_type=\"column\">\n\t\t\t<div class=\"elementor-widget-wrap elementor-element-populated\">\n\t\t\t\t\t\t<div class=\"elementor-element elementor-element-7569705 elementor-widget elementor-widget-google_maps\" data-id=\"7569705\" data-element_type=\"widget\" data-widget_type=\"google_maps.default\">\n\t\t\t\t\t\t\t<div class=\"elementor-custom-embed\">\n\t\t\t<iframe loading=\"lazy\"\n\t\t\t\t\tsrc=\"https:\/\/maps.google.com\/maps?q=14%2C%208%C3%A8me%20Rue%2C%20Quartier%20Industriel%2C%20Kinshasa%20-%20Limete&#038;t=m&#038;z=16&#038;output=embed&#038;iwloc=near\"\n\t\t\t\t\ttitle=\"14, 8\u00e8me Rue, Quartier Industriel, Kinshasa - Limete\"\n\t\t\t\t\taria-label=\"14, 8\u00e8me Rue, Quartier Industriel, Kinshasa - Limete\"\n\t\t\t><\/iframe>\n\t\t<\/div>\n\t\t\t\t\t\t<\/div>\n\t\t\t\t\t<\/div>\n\t\t<\/div>\n\t\t\t\t\t<\/div>\n\t\t<\/section>\n\t\t\t\t<section class=\"elementor-section elementor-top-section elementor-element elementor-element-33e01a2 elementor-section-boxed elementor-section-height-default elementor-section-height-default\" data-id=\"33e01a2\" data-element_type=\"section\">\n\t\t\t\t\t\t<div class=\"elementor-container elementor-column-gap-default\">\n\t\t\t\t\t<div class=\"elementor-column elementor-col-50 elementor-top-column elementor-element elementor-element-3939cbe\" data-id=\"3939cbe\" data-element_type=\"column\">\n\t\t\t<div class=\"elementor-widget-wrap elementor-element-populated\">\n\t\t\t\t\t\t<div class=\"elementor-element elementor-element-d469151 elementor-widget elementor-widget-heading\" data-id=\"d469151\" data-element_type=\"widget\" data-widget_type=\"heading.default\">\n\t\t\t\t\t<span class=\"elementor-heading-title elementor-size-default\">Parlons de votre projet<\/span>\t\t\t\t<\/div>\n\t\t\t\t<div class=\"elementor-element elementor-element-fdeb579 elementor-widget elementor-widget-heading\" data-id=\"fdeb579\" data-element_type=\"widget\" data-widget_type=\"heading.default\">\n\t\t\t\t\t<h2 class=\"elementor-heading-title elementor-size-default\">Nous trouver <\/h2>\t\t\t\t<\/div>\n\t\t\t\t<section class=\"elementor-section elementor-inner-section elementor-element elementor-element-fb54bd1 elementor-section-content-middle elementor-section-boxed elementor-section-height-default elementor-section-height-default\" data-id=\"fb54bd1\" data-element_type=\"section\">\n\t\t\t\t\t\t<div class=\"elementor-container elementor-column-gap-default\">\n\t\t\t\t\t<div class=\"elementor-column elementor-col-50 elementor-inner-column elementor-element elementor-element-42aab32\" data-id=\"42aab32\" data-element_type=\"column\">\n\t\t\t<div class=\"elementor-widget-wrap elementor-element-populated\">\n\t\t\t\t\t\t<div class=\"elementor-element elementor-element-1910973 elementor-position-inline-end elementor-mobile-position-inline-start elementor-view-default elementor-widget elementor-widget-icon-box\" data-id=\"1910973\" data-element_type=\"widget\" data-widget_type=\"icon-box.default\">\n\t\t\t\t\t\t\t<div class=\"elementor-icon-box-wrapper\">\n\n\t\t\t\t\t\t<div class=\"elementor-icon-box-icon\">\n\t\t\t\t<a href=\"https:\/\/google.com\/maps\" class=\"elementor-icon\" tabindex=\"-1\">\n\t\t\t\t<svg aria-hidden=\"true\" class=\"e-font-icon-svg e-far-map\" viewBox=\"0 0 576 512\" xmlns=\"http:\/\/www.w3.org\/2000\/svg\"><path d=\"M560.02 32c-1.96 0-3.98.37-5.96 1.16L384.01 96H384L212 35.28A64.252 64.252 0 0 0 191.76 32c-6.69 0-13.37 1.05-19.81 3.14L20.12 87.95A32.006 32.006 0 0 0 0 117.66v346.32C0 473.17 7.53 480 15.99 480c1.96 0 3.97-.37 5.96-1.16L192 416l172 60.71a63.98 63.98 0 0 0 40.05.15l151.83-52.81A31.996 31.996 0 0 0 576 394.34V48.02c0-9.19-7.53-16.02-15.98-16.02zM224 90.42l128 45.19v285.97l-128-45.19V90.42zM48 418.05V129.07l128-44.53v286.2l-.64.23L48 418.05zm480-35.13l-128 44.53V141.26l.64-.24L528 93.95v288.97z\"><\/path><\/svg>\t\t\t\t<\/a>\n\t\t\t<\/div>\n\t\t\t\n\t\t\t\t\t\t<div class=\"elementor-icon-box-content\">\n\n\t\t\t\t\n\t\t\t\t\t\t\t\t\t<p class=\"elementor-icon-box-description\">\n\t\t\t\t\t\t<p><a href=\"https:\/\/maps.app.goo.gl\/jdEd6o7xQTghRw5u6\">14,  8\u00e8me Rue Limete Industriel, Kinshasa,<br>RDC<\/a><\/p>\t\t\t\t\t<\/p>\n\t\t\t\t\n\t\t\t<\/div>\n\t\t\t\n\t\t<\/div>\n\t\t\t\t\t\t<\/div>\n\t\t\t\t<div class=\"elementor-element elementor-element-649425d elementor-position-inline-end elementor-mobile-position-inline-start elementor-view-default elementor-widget elementor-widget-icon-box\" data-id=\"649425d\" data-element_type=\"widget\" data-widget_type=\"icon-box.default\">\n\t\t\t\t\t\t\t<div class=\"elementor-icon-box-wrapper\">\n\n\t\t\t\t\t\t<div class=\"elementor-icon-box-icon\">\n\t\t\t\t<a href=\"https:\/\/google.com\/maps\" class=\"elementor-icon\" tabindex=\"-1\">\n\t\t\t\t<svg aria-hidden=\"true\" class=\"e-font-icon-svg e-fas-envelope-open-text\" viewBox=\"0 0 512 512\" xmlns=\"http:\/\/www.w3.org\/2000\/svg\"><path d=\"M176 216h160c8.84 0 16-7.16 16-16v-16c0-8.84-7.16-16-16-16H176c-8.84 0-16 7.16-16 16v16c0 8.84 7.16 16 16 16zm-16 80c0 8.84 7.16 16 16 16h160c8.84 0 16-7.16 16-16v-16c0-8.84-7.16-16-16-16H176c-8.84 0-16 7.16-16 16v16zm96 121.13c-16.42 0-32.84-5.06-46.86-15.19L0 250.86V464c0 26.51 21.49 48 48 48h416c26.51 0 48-21.49 48-48V250.86L302.86 401.94c-14.02 10.12-30.44 15.19-46.86 15.19zm237.61-254.18c-8.85-6.94-17.24-13.47-29.61-22.81V96c0-26.51-21.49-48-48-48h-77.55c-3.04-2.2-5.87-4.26-9.04-6.56C312.6 29.17 279.2-.35 256 0c-23.2-.35-56.59 29.17-73.41 41.44-3.17 2.3-6 4.36-9.04 6.56H96c-26.51 0-48 21.49-48 48v44.14c-12.37 9.33-20.76 15.87-29.61 22.81A47.995 47.995 0 0 0 0 200.72v10.65l96 69.35V96h320v184.72l96-69.35v-10.65c0-14.74-6.78-28.67-18.39-37.77z\"><\/path><\/svg>\t\t\t\t<\/a>\n\t\t\t<\/div>\n\t\t\t\n\t\t\t\t\t\t<div class=\"elementor-icon-box-content\">\n\n\t\t\t\t\n\t\t\t\t\t\t\t\t\t<p class=\"elementor-icon-box-description\">\n\t\t\t\t\t\t <p><a href=\"ropartnersrdc@gmail.com\">ropartnersrdc@gmail.com<\/a><\/p>\n\n<p><a href=\"oranield@gmail.com\">oranield@gmail.com<\/a><\/p>\n                                     \t\t\t\t\t<\/p>\n\t\t\t\t\n\t\t\t<\/div>\n\t\t\t\n\t\t<\/div>\n\t\t\t\t\t\t<\/div>\n\t\t\t\t<div class=\"elementor-element elementor-element-518e509 elementor-position-inline-end elementor-mobile-position-inline-start elementor-view-default elementor-widget elementor-widget-icon-box\" data-id=\"518e509\" data-element_type=\"widget\" data-widget_type=\"icon-box.default\">\n\t\t\t\t\t\t\t<div class=\"elementor-icon-box-wrapper\">\n\n\t\t\t\t\t\t<div class=\"elementor-icon-box-icon\">\n\t\t\t\t<a href=\"https:\/\/google.com\/maps\" class=\"elementor-icon\" tabindex=\"-1\">\n\t\t\t\t<svg aria-hidden=\"true\" class=\"e-font-icon-svg e-fas-phone-alt\" viewBox=\"0 0 512 512\" xmlns=\"http:\/\/www.w3.org\/2000\/svg\"><path d=\"M497.39 361.8l-112-48a24 24 0 0 0-28 6.9l-49.6 60.6A370.66 370.66 0 0 1 130.6 204.11l60.6-49.6a23.94 23.94 0 0 0 6.9-28l-48-112A24.16 24.16 0 0 0 122.6.61l-104 24A24 24 0 0 0 0 48c0 256.5 207.9 464 464 464a24 24 0 0 0 23.4-18.6l24-104a24.29 24.29 0 0 0-14.01-27.6z\"><\/path><\/svg>\t\t\t\t<\/a>\n\t\t\t<\/div>\n\t\t\t\n\t\t\t\t\t\t<div class=\"elementor-icon-box-content\">\n\n\t\t\t\t\n\t\t\t\t\t\t\t\t\t<p class=\"elementor-icon-box-description\">\n\t\t\t\t\t\t<p><a href=\"tel:+243998946925'\">+243 998 946 925<\/a><\/p>\n                                            <p><a href=\"tel:+243999924033\">+243 999 924 033<\/a><\/p>\t\t\t\t\t<\/p>\n\t\t\t\t\n\t\t\t<\/div>\n\t\t\t\n\t\t<\/div>\n\t\t\t\t\t\t<\/div>\n\t\t\t\t\t<\/div>\n\t\t<\/div>\n\t\t\t\t<div class=\"elementor-column elementor-col-50 elementor-inner-column elementor-element elementor-element-e8b2bb1\" data-id=\"e8b2bb1\" data-element_type=\"column\" data-settings=\"{&quot;background_background&quot;:&quot;classic&quot;}\">\n\t\t\t<div class=\"elementor-widget-wrap elementor-element-populated\">\n\t\t\t\t\t\t<div class=\"elementor-element elementor-element-47c5e59 elementor-widget elementor-widget-heading\" data-id=\"47c5e59\" data-element_type=\"widget\" data-widget_type=\"heading.default\">\n\t\t\t\t\t<h4 class=\"elementor-heading-title elementor-size-default\">Horaires d'ouverture<\/h4>\t\t\t\t<\/div>\n\t\t\t\t<div class=\"elementor-element elementor-element-284b46d elementor-icon-list--layout-traditional elementor-list-item-link-full_width elementor-widget elementor-widget-icon-list\" data-id=\"284b46d\" data-element_type=\"widget\" data-widget_type=\"icon-list.default\">\n\t\t\t\t\t\t\t<ul class=\"elementor-icon-list-items\">\n\t\t\t\t\t\t\t<li class=\"elementor-icon-list-item\">\n\t\t\t\t\t\t\t\t\t\t<span class=\"elementor-icon-list-text\">Mardi - Jeudi: 08H30' - 16H30'<\/span>\n\t\t\t\t\t\t\t\t\t<\/li>\n\t\t\t\t\t\t\t\t<li class=\"elementor-icon-list-item\">\n\t\t\t\t\t\t\t\t\t\t<span class=\"elementor-icon-list-text\">Vendredi: 08H30' - 14H30'<\/span>\n\t\t\t\t\t\t\t\t\t<\/li>\n\t\t\t\t\t\t<\/ul>\n\t\t\t\t\t\t<\/div>\n\t\t\t\t\t<\/div>\n\t\t<\/div>\n\t\t\t\t\t<\/div>\n\t\t<\/section>\n\t\t\t\t\t<\/div>\n\t\t<\/div>\n\t\t\t\t<div class=\"elementor-column elementor-col-50 elementor-top-column elementor-element elementor-element-aae748c\" data-id=\"aae748c\" data-element_type=\"column\" data-settings=\"{&quot;background_background&quot;:&quot;classic&quot;}\">\n\t\t\t<div class=\"elementor-widget-wrap elementor-element-populated\">\n\t\t\t\t\t\t<div class=\"elementor-element elementor-element-53b2a71 elementor-widget elementor-widget-heading\" data-id=\"53b2a71\" data-element_type=\"widget\" data-widget_type=\"heading.default\">\n\t\t\t\t\t<h4 class=\"elementor-heading-title elementor-size-default\">Poser une question ou obtenir un devis<\/h4>\t\t\t\t<\/div>\n\t\t\t\t<div class=\"elementor-element elementor-element-2ec0be5 elementor-widget elementor-widget-shortcode\" data-id=\"2ec0be5\" data-element_type=\"widget\" data-widget_type=\"shortcode.default\">\n\t\t\t\t\t\t\t<div class=\"elementor-shortcode\"><!-- HTML Forms v1.6.1 - https:\/\/wordpress.org\/plugins\/html-forms\/ -->\n<form method=\"post\"  class=\"hf-form hf-form-389 \" data-id=\"389\" data-title=\"contact from\" data-slug=\"contact-from\" data-message-success=\" 36 Merci ! Nous vous recontacterons bient\u00f4t.\" data-message-invalid-email=\"D\u00e9sol\u00e9, cette adresse e-mail semble invalide.\" data-message-required-field-missing=\"Veuillez remplir les champs obligatoires.\" data-message-error=\"Oups. Une erreur s&#039;est produite.\" data-message-recaptcha-failed=\"reCAPTCHA verification failed. Please try again.\" data-message-recaptcha-low-score=\"Your submission appears to be spam. Please try again.\"><input type=\"hidden\" name=\"_hf_form_id\" value=\"389\" \/><div style=\"display: none;\"><input type=\"text\" name=\"_hf_h389\" value=\"\" \/><\/div><div class=\"hf-fields-wrap\">\t\r\n                            <div class=\"row\">\r\n                                <div class=\"col-sm-6 mb-25\"> \r\n                                    <div class=\"contact__area-right-form-item\">\r\n                                        <i class=\"fal fa-user\"><\/i>\r\n                                        <input type=\"text\" name=\"name\" placeholder=\"Nom et Prenom\" required=\"required\">\r\n                                    <\/div>\t\t\t\t\t\t\t\t\t\t\r\n                                <\/div>\r\n                                <div class=\"col-sm-6 sm-mb-30\">\r\n                                    <div class=\"contact__area-right-form-item\">\r\n                                        <i class=\"fal fa-envelope\"><\/i>\r\n                                        <input type=\"text\" name=\"email\" placeholder=\"Adresse e-mail\" required=\"required\">\t\t\t\t\t\t\t\t\t\t\t\r\n                                    <\/div>\t\t\t\t\t\t\t\t\t\r\n                                <\/div>\r\n                                <div class=\"col-sm-6 mb-25\"> \r\n                                    <div class=\"contact__area-right-form-item\">\r\n                                        <i class=\"fal fa-phone-alt\"><\/i>\r\n                                        <input type=\"text\" name=\"number\" placeholder=\"Num\u00e9ro de T\u00e9l\u00e9phone\" required=\"required\">\r\n                                    <\/div>\t\t\t\t\t\t\t\t\t\t\r\n                                <\/div>\r\n                                <div class=\"col-sm-6 sm-mb-30\">\r\n                                    <div class=\"contact__area-right-form-item select\">\t\t\t\t\t\t\t\t\t\r\n                                        <select name=\"select\">\r\n                                            <option value=\"1\">Sujet<\/option>\r\n                                            <option value=\"2\">English<\/option>\r\n                                            <option value=\"3\">Burmese<\/option>\r\n                                            <option value=\"3\">Chinese (Simplified)<\/option>\r\n                                            <option value=\"3\">Corsican<\/option>\r\n                                        <\/select>\r\n                                    <\/div>\t\r\n                                <\/div>\r\n                                <div class=\"col-sm-12 mb-25\"> \r\n                                    <div class=\"contact__area-right-form-item\">\r\n                                        <i class=\"fal fa-pen\"><\/i>\r\n                                        <textarea name=\"message\" placeholder=\"Question\"><\/textarea>\r\n                                    <\/div>\t\t\t\t\t\t\t\t\t\t\r\n                                <\/div>\r\n                                <div class=\"col-sm-12\">\t\t\t\t\t\t\t\t\t\t\r\n                                    <div class=\"contact__area-right-form-item\">\r\n                                        <button class=\"theme-btn3\" type=\"submit\" name=\"button\">Envoyer Maintenant<i class=\"fal fa-long-arrow-right\"><\/i><\/button>\r\n                                    <\/div>\t\t\t\t\t\t\t\t\t\t\r\n                                <\/div>\r\n                            <\/div>\t\t\t\t\t\t\t\r\n                        <noscript>Please enable JavaScript for this form to work.<\/noscript><\/div><\/form><!-- \/ HTML Forms --><\/div>\n\t\t\t\t\t\t<\/div>\n\t\t\t\t\t<\/div>\n\t\t<\/div>\n\t\t\t\t\t<\/div>\n\t\t<\/section>\n\t\t\t\t<\/div>\n\t\t","protected":false},"excerpt":{"rendered":"<p>Parlons de votre projet Nous trouver 14, 8\u00e8me Rue Limete Industriel, Kinshasa,RDC ropartnersrdc@gmail.com oranield@gmail.com +243 998 946 925 +243 999 924 033 Horaires d&rsquo;ouverture Mardi &#8211; Jeudi: 08H30&prime; &#8211; 16H30&prime; Vendredi: 08H30&prime; &#8211; 14H30&prime; Poser une question ou obtenir un devis<\/p>\n","protected":false},"author":1,"featured_media":0,"parent":0,"menu_order":0,"comment_status":"closed","ping_status":"closed","template":"elementor_header_footer","meta":{"_monsterinsights_skip_tracking":false,"_monsterinsights_sitenote_active":false,"_monsterinsights_sitenote_note":"","_monsterinsights_sitenote_category":0,"footnotes":""},"class_list":["post-33","page","type-page","status-publish","hentry"],"aioseo_notices":[],"_links":{"self":[{"href":"https:\/\/ropartnersrdc.com\/index.php?rest_route=\/wp\/v2\/pages\/33","targetHints":{"allow":["GET"]}}],"collection":[{"href":"https:\/\/ropartnersrdc.com\/index.php?rest_route=\/wp\/v2\/pages"}],"about":[{"href":"https:\/\/ropartnersrdc.com\/index.php?rest_route=\/wp\/v2\/types\/page"}],"author":[{"embeddable":true,"href":"https:\/\/ropartnersrdc.com\/index.php?rest_route=\/wp\/v2\/users\/1"}],"replies":[{"embeddable":true,"href":"https:\/\/ropartnersrdc.com\/index.php?rest_route=%2Fwp%2Fv2%2Fcomments&post=33"}],"version-history":[{"count":18,"href":"https:\/\/ropartnersrdc.com\/index.php?rest_route=\/wp\/v2\/pages\/33\/revisions"}],"predecessor-version":[{"id":1851,"href":"https:\/\/ropartnersrdc.com\/index.php?rest_route=\/wp\/v2\/pages\/33\/revisions\/1851"}],"wp:attachment":[{"href":"https:\/\/ropartnersrdc.com\/index.php?rest_route=%2Fwp%2Fv2%2Fmedia&parent=33"}],"curies":[{"name":"wp","href":"https:\/\/api.w.org\/{rel}","templated":true}]}}